{"id":8,"date":"2021-04-20T16:19:34","date_gmt":"2021-04-20T14:19:34","guid":{"rendered":"http:\/\/172.27.254.49\/?page_id=8"},"modified":"2021-09-29T20:25:35","modified_gmt":"2021-09-29T18:25:35","slug":"rolunk","status":"publish","type":"page","link":"https:\/\/nadcom.hu\/index.php\/rolunk\/","title":{"rendered":"R\u00f3lunk"},"content":{"rendered":"<div class=\"header_img\">\n\t\t<!-- MasterSlider -->\n\t\t<div id=\"P_MS69e11478b072a\" class=\"master-slider-parent msl ms-parent-id-9\" style=\"\">\n\n\t\t\t\n\t\t\t<!-- MasterSlider Main -->\n\t\t\t<div id=\"MS69e11478b072a\" class=\"master-slider ms-skin-default\" >\n\t\t\t\t \t\t\t\t \n\t\t\t\t<div  class=\"ms-slide\" data-delay=\"3\" data-fill-mode=\"fill\"  >\n\t\t\t\t\t<img decoding=\"async\" src=\"https:\/\/nadcom.hu\/wp-content\/plugins\/master-slider\/public\/assets\/css\/blank.gif\" alt=\"\" title=\"\" data-src=\"https:\/\/nadcom.hu\/wp-content\/uploads\/2021\/06\/silder_aloldal_02.jpg\" \/>\n\n\t\t\t\t\t<div class=\"ms-info\"><h5>R\u00f3lunk<\/h5><\/div>\n\n\n\t<div class=\"ms-thumb\" ><div class=\"ms-tab-context\"><div class=&quot;ms-tab-context&quot;><\/div><\/div>\n<\/div>\n\t\t\t\t<\/div>\n\n\t\t\t<\/div>\n\t\t\t<!-- END MasterSlider Main -->\n\n\t\t\t \n\t\t<\/div>\n\t\t<!-- END MasterSlider -->\n\n\t\t<script>\n\t\t(function ( $ ) {\n\t\t\t\"use strict\";\n\n\t\t\t$(function () {\n\t\t\t\tvar masterslider_072a = new MasterSlider();\n\n\t\t\t\t\/\/ slider controls\n\n\t\t\t\tmasterslider_072a.control('slideinfo'  ,{ autohide:false, overVideo:true, dir:'h', align:'bottom',inset:true , margin:10   });\n\t\t\t\t\/\/ slider setup\n\t\t\t\tmasterslider_072a.setup(\"MS69e11478b072a\", {\n\t\t\t\t\t\twidth           : 1920,\n\t\t\t\t\t\theight          : 200,\n\t\t\t\t\t\tminHeight       : 0,\n\t\t\t\t\t\tspace           : 0,\n\t\t\t\t\t\tstart           : 1,\n\t\t\t\t\t\tgrabCursor      : true,\n\t\t\t\t\t\tswipe           : true,\n\t\t\t\t\t\tmouse           : true,\n\t\t\t\t\t\tlayout          : \"fullwidth\",\n\t\t\t\t\t\twheel           : false,\n\t\t\t\t\t\tautoplay        : true,\n\t\t\t\t\t\tinstantStartLayers:false,\n\t\t\t\t\t\tloop            : false,\n\t\t\t\t\t\tshuffle         : false,\n\t\t\t\t\t\tpreload         : 0,\n\t\t\t\t\t\theightLimit     : true,\n\t\t\t\t\t\tautoHeight      : false,\n\t\t\t\t\t\tsmoothHeight    : true,\n\t\t\t\t\t\tendPause        : false,\n\t\t\t\t\t\toverPause       : false,\n\t\t\t\t\t\tfillMode        : \"fill\",\n\t\t\t\t\t\tcenterControls  : true,\n\t\t\t\t\t\tstartOnAppear   : false,\n\t\t\t\t\t\tlayersMode      : \"center\",\n\t\t\t\t\t\thideLayers      : false,\n\t\t\t\t\t\tfullscreenMargin: 0,\n\t\t\t\t\t\tspeed           : 20,\n\t\t\t\t\t\tdir             : \"h\",\n\t\t\t\t\t\tparallaxMode    : 'swipe',\n\t\t\t\t\t\tview            : \"basic\"\n\t\t\t\t});\n\n\t\t\t\t\n\t\t\t\twindow.masterslider_instances = window.masterslider_instances || [];\n\t\t\t\twindow.masterslider_instances.push( masterslider_072a );\n\t\t\t });\n\n\t\t})(jQuery);\n\t\t<\/script>\n\n<\/div>\n<div class=\"divided\">\n<div class=\"divided_content_left\">\n<img decoding=\"async\" class=\"aloldal_img\" src=\"https:\/\/nadcom.hu\/wp-content\/themes\/template\/images\/rolunk.jpg\" \/><\/p>\n<p>A Nadcom az informatikai piac szerepl\u0151jek\u00e9nt \u00fcgyfeleivel egy\u00fcttm\u0171k\u00f6dve olyan id\u0151t\u00e1ll\u00f3 megold\u00e1sokon dolgozik, melyek v\u00e1laszt adnak a folyamatosan v\u00e1ltoz\u00f3 k\u00f6rnyezet kih\u00edv\u00e1saira \u00e9s hozz\u00e1j\u00e1rulnak a hossz\u00fat\u00e1v\u00fa versenyk\u00e9pess\u00e9ghez.<\/p>\n<\/div>\n<div class=\"divided_content_right border_none\">\n<p>Tev\u00e9kenys\u00e9geink f\u00f3kusz\u00e1ban teljesk\u00f6r\u0171, komplex infrastrukt\u00fara-\u00fczemeltet\u00e9si szolg\u00e1ltat\u00e1s illetve vonalk\u00f3dtechnikai \u00e9s RFID rendszerek kialak\u00edt\u00e1sa \u00e1ll.<\/p>\n<p>A legoptim\u00e1lisabb megold\u00e1s megkeres\u00e9s\u00e9vel, tervez\u00e9s\u00e9vel \u00e9s kivitelez\u00e9s\u00e9vel nem engedj\u00fck el Partnereink kez\u00e9t.<\/p>\n<p>Folyamatos ut\u00e1n k\u00f6vet\u00e9ssel biztos\u00edtjuk, hogy befektet\u00e9s\u00fck a j\u00f6v\u0151ben is kamatozzon.<\/p>\n<p class=\"uzletagak\">3 f\u0151 tev\u00e9kenys\u00e9gi ter\u00fclet\u00fcnk:<\/p>\n<ul>\n<li>\n<p>IT Infrastrukt\u00fara\u00fczemeltet\u00e9s<\/p>\n<\/li>\n<li>\n<p>Vonalk\u00f3dtechnika \u00e9s RFID<\/p>\n<\/li>\n<li>\n<p>Hardver-, szoftver\u00e9rt\u00e9kes\u00edt\u00e9s (k\u00f6zbeszerz\u00e9s keret\u00e9ben is)<\/p>\n<\/li>\n<\/ul>\n<p>\u00dcgyfeleinknek ny\u00fajtott szolg\u00e1ltat\u00e1sainkat mintegy 20 \u00e9ves informatikai, kereskedelmi \u00e9s m\u0171szaki tapasztalattal rendelkez\u0151 szakemberekkel biztos\u00edtjuk, \u00edgy egy k\u00e9zb\u0151l ny\u00fajtunk megb\u00edzhat\u00f3s\u00e1got, gyorsas\u00e1got, egyszer\u0171s\u00e9get, garant\u00e1lt a k\u00f6lts\u00e9ghat\u00e9konys\u00e1g \u00e9s a tervezhet\u0151s\u00e9g, m\u00edg a megval\u00f3s\u00edt\u00e1s, az \u00fczemeltet\u00e9s \u00e9s karbantart\u00e1s g\u00f6rd\u00fcl\u00e9kenyebb \u00e9s kisz\u00e1m\u00edthat\u00f3bb.<\/p>\n<p>Portf\u00f3li\u00f3nk magas min\u0151s\u00e9g\u0171, gy\u00e1rt\u00f3i t\u00e1mogat\u00e1ssal rendelkez\u0151 term\u00e9keket \u00e9s technol\u00f3gi\u00e1kat foglal mag\u00e1ba, lefedve a legk\u00fcl\u00f6nf\u00e9l\u00e9bb ipari, v\u00e1llalati keresletet.<\/p>\n<p>Annak \u00e9rdek\u00e9ben, hogy minden felmer\u00fcl\u0151 ig\u00e9nyre megold\u00e1st tal\u00e1ljunk sz\u00e9les v\u00e1laszt\u00e9kkal biztos\u00edtunk informatikai, infokommunik\u00e1ci\u00f3s eszk\u00f6z\u00f6ket a legk\u00fcl\u00f6nb\u00f6z\u0151bb alkalmaz\u00e1si ter\u00fcletekre \u00e9s c\u00e9lokra, legyen az ak\u00e1r sz\u00e1m\u00edt\u00f3g\u00e9p, notebook, tablet, telefon, nyomtat\u00f3 vagy az automatikus azonos\u00edt\u00e1shoz (vonalk\u00f3d \u00e9s RFID) sz\u00fcks\u00e9ges eszk\u00f6z, kieg\u00e9sz\u00edt\u0151.<\/p>\n<\/div>\n<\/div>\n","protected":false},"excerpt":{"rendered":"<p>A Nadcom az informatikai piac szerepl\u0151jek\u00e9nt \u00fcgyfeleivel egy\u00fcttm\u0171k\u00f6dve olyan id\u0151t\u00e1ll\u00f3 megold\u00e1sokon dolgozik, melyek v\u00e1laszt adnak a folyamatosan v\u00e1ltoz\u00f3 k\u00f6rnyezet kih\u00edv\u00e1saira \u00e9s hozz\u00e1j\u00e1rulnak a hossz\u00fat\u00e1v\u00fa versenyk\u00e9pess\u00e9ghez. Tev\u00e9kenys\u00e9geink f\u00f3kusz\u00e1ban teljesk\u00f6r\u0171, komplex infrastrukt\u00fara-\u00fczemeltet\u00e9si szolg\u00e1ltat\u00e1s illetve vonalk\u00f3dtechnikai \u00e9s RFID rendszerek kialak\u00edt\u00e1sa \u00e1ll. A legoptim\u00e1lisabb megold\u00e1s megkeres\u00e9s\u00e9vel, tervez\u00e9s\u00e9vel \u00e9s kivitelez\u00e9s\u00e9vel nem engedj\u00fck el Partnereink kez\u00e9t. Folyamatos ut\u00e1n k\u00f6vet\u00e9ssel biztos\u00edtjuk, hogy [&hellip;]<\/p>\n","protected":false},"author":1,"featured_media":0,"parent":0,"menu_order":0,"comment_status":"closed","ping_status":"closed","template":"","meta":{"footnotes":"","_links_to":"","_links_to_target":""},"class_list":["post-8","page","type-page","status-publish","hentry"],"_links":{"self":[{"href":"https:\/\/nadcom.hu\/index.php\/wp-json\/wp\/v2\/pages\/8","targetHints":{"allow":["GET"]}}],"collection":[{"href":"https:\/\/nadcom.hu\/index.php\/wp-json\/wp\/v2\/pages"}],"about":[{"href":"https:\/\/nadcom.hu\/index.php\/wp-json\/wp\/v2\/types\/page"}],"author":[{"embeddable":true,"href":"https:\/\/nadcom.hu\/index.php\/wp-json\/wp\/v2\/users\/1"}],"replies":[{"embeddable":true,"href":"https:\/\/nadcom.hu\/index.php\/wp-json\/wp\/v2\/comments?post=8"}],"version-history":[{"count":29,"href":"https:\/\/nadcom.hu\/index.php\/wp-json\/wp\/v2\/pages\/8\/revisions"}],"predecessor-version":[{"id":640,"href":"https:\/\/nadcom.hu\/index.php\/wp-json\/wp\/v2\/pages\/8\/revisions\/640"}],"wp:attachment":[{"href":"https:\/\/nadcom.hu\/index.php\/wp-json\/wp\/v2\/media?parent=8"}],"curies":[{"name":"wp","href":"https:\/\/api.w.org\/{rel}","templated":true}]}}